{"id":1621,"date":"2024-03-22T11:51:18","date_gmt":"2024-03-22T11:51:18","guid":{"rendered":"https:\/\/fastfassaad.vdisain.dev\/tietosuojakaytanto\/"},"modified":"2024-04-01T11:21:38","modified_gmt":"2024-04-01T11:21:38","slug":"tietosuojakaytanto","status":"publish","type":"page","link":"https:\/\/fastfasade.lv\/fi\/tietosuojakaytanto\/","title":{"rendered":"Tietosuojak\u00e4yt\u00e4nt\u00f6"},"content":{"rendered":"<style>.elementor-1621 .elementor-element.elementor-element-6ce4f8c > .elementor-container{min-height:300px;}.elementor-1621 .elementor-element.elementor-element-6ce4f8c > .elementor-container > .elementor-column > .elementor-widget-wrap{align-content:center;align-items:center;}.elementor-1621 .elementor-element.elementor-element-6ce4f8c:not(.elementor-motion-effects-element-type-background), .elementor-1621 .elementor-element.elementor-element-6ce4f8c > .elementor-motion-effects-container > .elementor-motion-effects-layer{background-color:var( --e-global-color-text );background-image:url(\"https:\/\/fastfasade.lv\/wp-content\/uploads\/2024\/02\/facade-2021-08-28-22-29-36-utc.webp\");background-position:top center;background-size:cover;}.elementor-1621 .elementor-element.elementor-element-6ce4f8c > .elementor-background-overlay{background-color:var( --e-global-color-text );opacity:0.65;transition:background 0.3s, border-radius 0.3s, opacity 0.3s;}.elementor-1621 .elementor-element.elementor-element-6ce4f8c{transition:background 0.3s, border 0.3s, border-radius 0.3s, box-shadow 0.3s;padding:100px 0px 0px 0px;}.elementor-1621 .elementor-element.elementor-element-679a2c2 .elementor-heading-title{font-family:\"Orbitron\", Sans-serif;font-size:42px;color:var( --e-global-color-5ac3c84 );}.elementor-1621 .elementor-element.elementor-element-79a98a3{--display:flex;--flex-direction:row;--container-widget-width:calc( ( 1 - var( --container-widget-flex-grow ) ) * 100% );--container-widget-height:100%;--container-widget-flex-grow:1;--container-widget-align-self:stretch;--flex-wrap-mobile:wrap;--align-items:stretch;--gap:10px 10px;--row-gap:10px;--column-gap:10px;--margin-top:0px;--margin-bottom:0px;--margin-left:0px;--margin-right:0px;--padding-top:60px;--padding-bottom:45px;--padding-left:0px;--padding-right:0px;}.elementor-1621 .elementor-element.elementor-element-83eb23f{--display:flex;--justify-content:center;--margin-top:0px;--margin-bottom:0px;--margin-left:0px;--margin-right:60px;--padding-top:0px;--padding-bottom:0px;--padding-left:0px;--padding-right:0px;}.elementor-1621 .elementor-element.elementor-element-e440423{font-family:\"Poppins\", Sans-serif;font-size:16px;font-weight:400;color:var( --e-global-color-text );}.elementor-1621 .elementor-element.elementor-element-e440423 > .elementor-widget-container{margin:0px 0px 0px 0px;padding:0px 0px 0px 0px;}@media(max-width:1024px){.elementor-1621 .elementor-element.elementor-element-6ce4f8c > .elementor-container{min-height:250px;}.elementor-1621 .elementor-element.elementor-element-6ce4f8c{margin-top:0px;margin-bottom:0px;padding:60px 30px 0px 30px;}.elementor-1621 .elementor-element.elementor-element-1c537a2 > .elementor-element-populated{padding:0px 0px 0px 0px;}.elementor-1621 .elementor-element.elementor-element-679a2c2 .elementor-heading-title{font-size:26px;}.elementor-1621 .elementor-element.elementor-element-79a98a3{--padding-top:30px;--padding-bottom:30px;--padding-left:30px;--padding-right:30px;}.elementor-1621 .elementor-element.elementor-element-83eb23f{--margin-top:0px;--margin-bottom:0px;--margin-left:0px;--margin-right:0px;}.elementor-1621 .elementor-element.elementor-element-e440423{font-size:14px;}}@media(max-width:767px){.elementor-1621 .elementor-element.elementor-element-6ce4f8c > .elementor-container{min-height:175px;}.elementor-1621 .elementor-element.elementor-element-6ce4f8c{padding:60px 0px 0px 0px;}.elementor-1621 .elementor-element.elementor-element-679a2c2{text-align:center;}.elementor-1621 .elementor-element.elementor-element-679a2c2 .elementor-heading-title{font-size:28px;}.elementor-1621 .elementor-element.elementor-element-79a98a3{--padding-top:30px;--padding-bottom:30px;--padding-left:10px;--padding-right:10px;}.elementor-1621 .elementor-element.elementor-element-83eb23f{--margin-top:0px;--margin-bottom:0px;--margin-left:0px;--margin-right:0px;}.elementor-1621 .elementor-element.elementor-element-e440423{text-align:start;font-size:14px;}}@media(min-width:768px){.elementor-1621 .elementor-element.elementor-element-83eb23f{--width:100%;}}@media(max-width:1024px) and (min-width:768px){.elementor-1621 .elementor-element.elementor-element-83eb23f{--width:100%;}}<\/style>\t\t<div data-elementor-type=\"wp-page\" data-elementor-id=\"1621\" class=\"elementor elementor-1621 elementor-510\" data-elementor-post-type=\"page\">\n\t\t\t\t\t\t<section class=\"elementor-section elementor-top-section elementor-element elementor-element-6ce4f8c elementor-section-height-min-height elementor-section-content-middle elementor-section-boxed elementor-section-height-default elementor-section-items-middle\" data-id=\"6ce4f8c\" data-element_type=\"section\" data-e-type=\"section\" data-settings=\"{&quot;background_background&quot;:&quot;classic&quot;}\">\n\t\t\t\t\t\t\t<div class=\"elementor-background-overlay\"><\/div>\n\t\t\t\t\t\t\t<div class=\"elementor-container elementor-column-gap-default\">\n\t\t\t\t\t<div class=\"elementor-column elementor-col-100 elementor-top-column elementor-element elementor-element-1c537a2 elementor-invisible\" data-id=\"1c537a2\" data-element_type=\"column\" data-e-type=\"column\" data-settings=\"{&quot;animation&quot;:&quot;fadeInUp&quot;}\">\n\t\t\t<div class=\"elementor-widget-wrap elementor-element-populated\">\n\t\t\t\t\t\t<div class=\"elementor-element elementor-element-679a2c2 elementor-widget elementor-widget-heading\" data-id=\"679a2c2\" data-element_type=\"widget\" data-e-type=\"widget\" data-widget_type=\"heading.default\">\n\t\t\t\t<div class=\"elementor-widget-container\">\n\t\t\t\t\t<h1 class=\"elementor-heading-title elementor-size-default\">Tietosuojak\u00e4yt\u00e4nt\u00f6<\/h1>\t\t\t\t<\/div>\n\t\t\t\t<\/div>\n\t\t\t\t\t<\/div>\n\t\t<\/div>\n\t\t\t\t\t<\/div>\n\t\t<\/section>\n\t\t<div class=\"elementor-element elementor-element-79a98a3 e-flex e-con-boxed e-con e-parent\" data-id=\"79a98a3\" data-element_type=\"container\" data-e-type=\"container\">\n\t\t\t\t\t<div class=\"e-con-inner\">\n\t\t<div class=\"elementor-element elementor-element-83eb23f e-con-full e-flex e-con e-child\" data-id=\"83eb23f\" data-element_type=\"container\" data-e-type=\"container\">\n\t\t\t\t<div class=\"elementor-element elementor-element-e440423 elementor-widget elementor-widget-text-editor\" data-id=\"e440423\" data-element_type=\"widget\" data-e-type=\"widget\" data-widget_type=\"text-editor.default\">\n\t\t\t\t<div class=\"elementor-widget-container\">\n\t\t\t\t\t\t\t\t\t<p>FastFassaad O\u00dc on sitoutunut noudattamaan yksityisyytt\u00e4si ja kaikkia sovellettavia lakeja ja m\u00e4\u00e4r\u00e4yksi\u00e4, jotka koskevat henkil\u00f6tietoja, joita voimme ker\u00e4t\u00e4 sinusta, kun vierailet verkkosivustollamme <a href=\"http:\/\/fastfasade.lv\">fastfassaad.ee<\/a>. K\u00e4ytt\u00e4m\u00e4ll\u00e4 verkkosivustoamme annat suostumuksesi siihen, ett\u00e4 ker\u00e4\u00e4mme ja k\u00e4yt\u00e4mme tietojasi t\u00e4m\u00e4n tietosuojak\u00e4yt\u00e4nn\u00f6n mukaisesti.<\/p>\n<p>T\u00e4m\u00e4n tietosuojak\u00e4yt\u00e4nn\u00f6n avulla haluamme selitt\u00e4\u00e4 sinulle, mit\u00e4 tietoja ker\u00e4\u00e4mme, miten k\u00e4yt\u00e4mme niit\u00e4 ja mitk\u00e4 ovat oikeutesi suojella tietojasi. K\u00e4yt\u00e4nt\u00f6 koskee vain verkkosivustoamme ja sen k\u00e4vij\u00f6it\u00e4, eik\u00e4 sit\u00e4 sovelleta muiden kanavien kautta ker\u00e4ttyihin tietoihin.<\/p>\n<p>Rekisterinpit\u00e4j\u00e4si on FastFassaad O\u00dc.<\/p>\n<p>yrityksen rekisteriote. numero: 14289381<\/p>\n<p>S\u00e4hk\u00f6posti: info@fastfassaad.ee<\/p>\n<p>puhelinnumero: 58112699<\/p>\n<p>Ker\u00e4\u00e4mme ja k\u00e4sittelemme tietoja 25.5.2018 voimaan tulleen EU:n yleisen tietosuoja-asetuksen (GDPR) mukaisesti.<\/p>\n<h2>Tietojen keruu ja k\u00e4ytt\u00f6<\/h2>\n<h3>Mit\u00e4 tietoja ker\u00e4\u00e4mme<\/h3>\n<p>Ker\u00e4\u00e4m\u00e4mme tiedot sis\u00e4lt\u00e4v\u00e4t tiedot, jotka annat meille tietoisesti ja aktiivisesti k\u00e4ytt\u00e4ess\u00e4si palveluitamme tai kampanjoihimme tai osallistuessasi niihin, sek\u00e4 tiedot, jotka laitteesi l\u00e4hett\u00e4v\u00e4t meille k\u00e4ytt\u00e4ess\u00e4si tuotteitamme ja palveluitamme.<\/p>\n<p>Ker\u00e4\u00e4m\u00e4mme tiedot sis\u00e4lt\u00e4v\u00e4t tietoja, jotka olet tietoisesti jakanut kanssamme k\u00e4ytt\u00e4ess\u00e4si palveluitamme tai kampanjoitamme, sek\u00e4 tietoja, jotka laitteesi automaattisesti v\u00e4litt\u00e4v\u00e4t meille.<\/p>\n<p>Henkil\u00f6kohtaiset tietosi voivat tavoittaa meid\u00e4t seuraavilla tavoilla:<\/p>\n<ul>\n<li>Kun otat meihin yhteytt\u00e4 puhelimitse, s\u00e4hk\u00f6postitse tai verkkokeskustelussa.<\/li>\n<li>Jos selaat <a href=\"http:\/\/fastfasade.lv\">fastfassaad.ee<\/a> verkkosivustoa osoitteessa<\/li>\n<li>Jos kommentoit, tykk\u00e4\u00e4t tai jaat jotakin julkaisuamme sosiaalisen median tilill\u00e4mme.<\/li>\n<li>Kun liityt uutiskirjeeseemme<\/li>\n<li>Jos kommentoit verkkosivustomme viestej\u00e4.<\/li>\n<\/ul>\n<h3>Ker\u00e4tt\u00e4vien tietojen tyypit<\/h3>\n<h4>Henkil\u00f6tiedot<\/h4>\n<p>Pyyd\u00e4mme sinulta henkil\u00f6kohtaisia tietoja vain, jos se on tarpeen palvelun tarjoamiseksi sinulle. Kun otat meihin yhteytt\u00e4 tai vierailet verkkosivustollamme, voit jakaa kanssamme seuraavia tietoja:<\/p>\n<ul>\n<li>Etu- ja sukunimi<\/li>\n<li>S\u00e4hk\u00f6postiosoite<\/li>\n<li>Puhelinnumero<\/li>\n<li>Keskusteluhistoria sinun ja meid\u00e4n v\u00e4lill\u00e4<\/li>\n<\/ul>\n<h4>Lokitiedostot<\/h4>\n<p>Verkkosivustomme <a href=\"http:\/\/fastfasade.lv\">fastfassaad.ee<\/a> tallentaa lokitiedostoja k\u00e4vij\u00f6ist\u00e4\u00e4n. Ker\u00e4tt\u00e4vi\u00e4 tietoja voivat olla:<\/p>\n<ul>\n<li>K\u00e4ytetyn laitteen tyyppi<\/li>\n<li>IP-osoite (Internet Protocol)<\/li>\n<li>selaimen tyyppi<\/li>\n<li>Internet-palveluntarjoaja (ISP)<\/li>\n<li>Verkkosivustolla k\u00e4ynnin p\u00e4iv\u00e4m\u00e4\u00e4r\u00e4 ja kellonaika<\/li>\n<li>Klikkausten m\u00e4\u00e4r\u00e4 verkkosivuston sis\u00e4\u00e4n- ja uloskirjautumissivulla.<\/li>\n<\/ul>\n<p>Lokitiedostojen sis\u00e4lt\u00e4mi\u00e4 tietoja k\u00e4ytet\u00e4\u00e4n trendien analysointiin, verkkosivuston hallinnointiin, sivuston k\u00e4vij\u00f6iden toiminnan seurantaan ja demografisten tietojen ker\u00e4\u00e4miseen. Saatujen tietojen ei ole tarkoitus eik\u00e4 niiden avulla voida tunnistaa yksitt\u00e4ist\u00e4 henkil\u00f6\u00e4.<\/p>\n<h4>Ev\u00e4steet<\/h4>\n<p>Kuten useimmat verkkosivustot, <a href=\"http:\/\/fastfasade.lv\">fastfassaad.ee<\/a> k\u00e4ytt\u00e4\u00e4 &#8221;ev\u00e4steit\u00e4&#8221;. Ev\u00e4ste on l\u00e4hinn\u00e4 tekstitiedosto, joka tallennetaan k\u00e4ytt\u00e4j\u00e4n laitteeseen, kun h\u00e4n vierailee verkkosivustolla. Ev\u00e4steit\u00e4 k\u00e4ytet\u00e4\u00e4n asetusten, alueellisten asetusten, palvelun k\u00e4ytt\u00f6asetusten jne. m\u00e4\u00e4ritt\u00e4miseen ja tallentamiseen.<\/p>\n<p>Voit halutessasi poistaa ev\u00e4steiden k\u00e4yt\u00f6n k\u00e4yt\u00f6st\u00e4 selaimesi asetuksista, mutta t\u00e4ll\u00f6in saamasi palvelu saattaa h\u00e4iriinty\u00e4.<\/p>\n<p>Ev\u00e4steet jaetaan pysyviin ja istuntoev\u00e4steisiin. Pysyv\u00e4t ev\u00e4steet pysyv\u00e4t tietokoneellasi tai mobiililaitteellasi my\u00f6s sen j\u00e4lkeen, kun suljet selaimesi tai tietokoneesi. Istuntoev\u00e4steet poistetaan kuitenkin v\u00e4litt\u00f6m\u00e4sti selaimen sulkemisen j\u00e4lkeen.<\/p>\n<p>Ev\u00e4steet jaetaan niiden k\u00e4ytt\u00f6tarkoituksen mukaan:<\/p>\n<p><b>Tarvittavat ev\u00e4steet.<\/b>  Istuntoev\u00e4steet, joiden tarkoituksena on, ett\u00e4 voit k\u00e4ytt\u00e4\u00e4 verkkosivustomme tarjoamia palveluita. N\u00e4m\u00e4 ev\u00e4steet auttavat todentamaan k\u00e4ytt\u00e4j\u00e4t ja est\u00e4m\u00e4\u00e4n k\u00e4ytt\u00e4j\u00e4tilien haitallisen k\u00e4yt\u00f6n. Ilman n\u00e4it\u00e4 ev\u00e4steit\u00e4 emme voi tarjota sinulle pyyt\u00e4mi\u00e4si palveluja.<\/p>\n<p><b>Ilmoitusev\u00e4steet.<\/b>  N\u00e4m\u00e4 ev\u00e4steet tunnistavat, ovatko k\u00e4ytt\u00e4j\u00e4t hyv\u00e4ksyneet ev\u00e4steiden k\u00e4yt\u00f6n verkkosivustolla.<\/p>\n<p><b>Toiminnalliset ev\u00e4steet.<\/b>  N\u00e4iden ev\u00e4steiden avulla selaimesi voi muistaa verkkosivustoa k\u00e4ytt\u00e4ess\u00e4si tekem\u00e4si valinnat, kuten kirjautumistietosi tai kieliasetuksesi. N\u00e4iden ev\u00e4steiden tarkoituksena on tarjota sinulle yksil\u00f6llisempi k\u00e4ytt\u00f6kokemus ja est\u00e4\u00e4 sinua sy\u00f6tt\u00e4m\u00e4st\u00e4 asetuksiasi uudelleen.<\/p>\n<h3>Miten k\u00e4yt\u00e4mme tietoja<\/h3>\n<p>Voimme k\u00e4ytt\u00e4\u00e4 ker\u00e4ttyj\u00e4 tietoja erilaisiin tarkoituksiin, kuten:<\/p>\n<ul>\n<li>yll\u00e4pit\u00e4\u00e4, hallita, kehitt\u00e4\u00e4, personoida ja laajentaa verkkosivustoamme.<\/li>\n<li>Tilastojen ker\u00e4\u00e4minen, jotta voimme tarjota parempia palveluja ja\/tai tarjouksia ja ymm\u00e4rt\u00e4\u00e4 ja analysoida verkkosivustomme k\u00e4vij\u00f6iden k\u00e4ytt\u00e4ytymist\u00e4.<\/li>\n<li>tunnistaa sinut puhelimitse, viestill\u00e4 tai s\u00e4hk\u00f6postilla<\/li>\n<li>l\u00e4hett\u00e4m\u00e4ll\u00e4 sinulle tietoa ja pyyt\u00e4m\u00e4ll\u00e4 palautetta palveluistamme.<\/li>\n<li>Petosten est\u00e4miseksi ja verkkosivustomme suojaamiseksi<\/li>\n<li>Jotta voimme pit\u00e4\u00e4 sinuun yhteytt\u00e4 sosiaalisen median tilisi kautta.<\/li>\n<li>Chat-historian lukemisen mahdollistaminen asiaankuuluvien neuvojen antamisen nopeuttamiseksi.<\/li>\n<li>Tavoitteena on parantaa palvelumme laatua ja tarjota tehokkaampia selausratkaisuja.<\/li>\n<li>Kehitt\u00e4\u00e4ksemme uusia tuotteita ja palveluja tai parantaaksemme niiden toimivuutta.<\/li>\n<li>Yksinkertaistaaksemme ja nopeuttaaksemme kanssak\u00e4ymist\u00e4mme, kun otat meihin yhteytt\u00e4.<\/li>\n<li>Muihin tarkoituksiin. Esimerkiksi tietojen analysoimiseksi, trendien tutkimiseksi ja mainoskampanjoidemme tehokkuuden arvioimiseksi.<\/li>\n<\/ul>\n<h3>Miss\u00e4 tapauksissa voimme jakaa tietojasi.<\/h3>\n<ul>\n<li>Voimme jakaa tai siirt\u00e4\u00e4 henkil\u00f6tietojasi omistajanvaihdoksen, fuusion, omaisuuden myynnin, rahoituksen tai liiketoimintamme hankinnan yhteydess\u00e4. Ilmoitamme sinulle, kun henkil\u00f6tietojasi siirret\u00e4\u00e4n ja kun niihin aletaan soveltaa toisen tietosuojak\u00e4yt\u00e4nn\u00f6n m\u00e4\u00e4r\u00e4yksi\u00e4.<\/li>\n<li>Voimme jakaa tietojasi kumppaniyritystemme kanssa edellytt\u00e4m\u00e4ll\u00e4, ett\u00e4 ne noudattavat t\u00e4t\u00e4 tietosuojak\u00e4yt\u00e4nt\u00f6\u00e4. Kumppaniyrityksi\u00e4 ovat emoyhti\u00f6mme, tyt\u00e4ryhti\u00f6mme, yhteisyrityskumppanimme tai omistamamme yritykset.<\/li>\n<li>Saatamme jakaa tietojasi liikekumppaneidemme kanssa tarjotaksemme sinulle tiettyj\u00e4 tuotteita, palveluita tai kampanjoita.<\/li>\n<li>Voimme luovuttaa henkil\u00f6tietojasi mihin tahansa muuhun tarkoitukseen suostumuksellasi.<\/li>\n<li>Olemme velvollisia luovuttamaan henkil\u00f6tietojasi, jos laki niin vaatii. Voimme my\u00f6s luovuttaa tietojasi vilpitt\u00f6m\u00e4ss\u00e4 mieless\u00e4 noudattaaksemme lakis\u00e4\u00e4teist\u00e4 velvoitetta, suojellaksemme oikeuksiamme tai omaisuuttamme, est\u00e4\u00e4ksemme tai havaitaksemme mahdollisia lainrikkomuksia, jotka liittyv\u00e4t palvelumme k\u00e4ytt\u00f6\u00f6n, ja varmistaaksemme palvelumme k\u00e4ytt\u00e4jien turvallisuuden.<\/li>\n<\/ul>\n<h3>Henkil\u00f6tietojesi tallentaminen<\/h3>\n<p>Yhti\u00f6 s\u00e4ilytt\u00e4\u00e4 henkil\u00f6tietojasi vain niin kauan kuin se on tarpeen t\u00e4ss\u00e4 tietosuojak\u00e4yt\u00e4nn\u00f6ss\u00e4 esitettyjen tarkoitusten toteuttamiseksi. S\u00e4ilyt\u00e4mme ja k\u00e4yt\u00e4mme henkil\u00f6tietojasi siin\u00e4 m\u00e4\u00e4rin kuin on tarpeen lakis\u00e4\u00e4teisten velvoitteidemme t\u00e4ytt\u00e4miseksi (esimerkiksi jos meid\u00e4n on s\u00e4ilytett\u00e4v\u00e4 tietojasi sovellettavien lakien noudattamiseksi), riitojen ratkaisemiseksi ja oikeudellisten sopimustemme ja k\u00e4yt\u00e4nt\u00f6jemme noudattamisen valvomiseksi.<\/p>\n<p>Yritys s\u00e4ilytt\u00e4\u00e4 my\u00f6s lokitiedostoja sis\u00e4ist\u00e4 analysointia varten. Lokitiedostoja s\u00e4ilytet\u00e4\u00e4n yleens\u00e4 lyhyemm\u00e4n aikaa, paitsi jos tietoja k\u00e4ytet\u00e4\u00e4n turvallisuuden parantamiseen tai palvelumme toiminnallisuuden parantamiseen tai jos laki vaatii meit\u00e4 s\u00e4ilytt\u00e4m\u00e4\u00e4n tietoja pidemp\u00e4\u00e4n.<\/p>\n<h3>Lasten tietojen k\u00e4sittely<\/h3>\n<p>Mit\u00e4\u00e4n tuotteistamme tai palveluistamme ei ole suunnattu alle 13-vuotiaille lapsille, emmek\u00e4 tietoisesti ker\u00e4\u00e4 tietoja alle 13-vuotiailta lapsilta. Jos ep\u00e4ilemme, ett\u00e4 k\u00e4sittelemme alle 13-vuotiasta henkil\u00f6\u00e4 koskevia tietoja, poistamme kyseisen henkil\u00f6n kaikista tietokannoistamme.<\/p>\n<h2>Oikeutesi suojata tietojasi<\/h2>\n<p>Sinulla on aina oikeus olla jakamatta tietojasi kanssamme, koska tied\u00e4t, ett\u00e4 se voi vaikuttaa kokemukseesi verkkosivustollamme. Jos p\u00e4\u00e4t\u00e4t olla jakamatta tietojasi kanssamme, emme kohtele sinua ep\u00e4suotuisammin. Kun annat meille henkil\u00f6kohtaisia tietoja, ymm\u00e4rr\u00e4t, ett\u00e4 ker\u00e4\u00e4mme, s\u00e4ilyt\u00e4mme, k\u00e4yt\u00e4mme ja luovutamme niit\u00e4 t\u00e4m\u00e4n tietosuojak\u00e4yt\u00e4nn\u00f6n mukaisesti. Sinulla on oikeus pyyt\u00e4\u00e4 yksityiskohtaisia tietoja sinusta ker\u00e4\u00e4mist\u00e4mme tiedoista.<\/p>\n<p>Kun saamme henkil\u00f6tietojasi kolmannelta osapuolelta, suojaamme niit\u00e4 t\u00e4m\u00e4n tietosuojak\u00e4yt\u00e4nn\u00f6n ja Viron tasavallan lains\u00e4\u00e4d\u00e4nn\u00f6n mukaisesti. Jos jaat itse kolmansien osapuolten tietoja, vahvistat, ett\u00e4 sinulla on siihen oikeus ja lupa.<\/p>\n<p>Vaikka olisit aiemmin antanut suostumuksesi siihen, ett\u00e4 jaamme henkil\u00f6tietojasi markkinointitarkoituksiin, sinulla on oikeus muuttaa mielt\u00e4si milloin tahansa. Sinulla on aina oikeus kielt\u00e4yty\u00e4 viestinn\u00e4st\u00e4 kanssamme ja pyyt\u00e4\u00e4 meit\u00e4 poistamaan tietosi tietokannoistamme. Saatamme my\u00f6s aika ajoin pyyt\u00e4\u00e4 sinulta tietoja henkil\u00f6llisyytesi vahvistamiseksi. Jos uskot, ett\u00e4 jokin sinusta ker\u00e4\u00e4m\u00e4mme tieto on virheellinen, vanhentunut, ep\u00e4t\u00e4ydellinen, ep\u00e4relevantti tai harhaanjohtava, ota meihin yhteytt\u00e4 s\u00e4hk\u00f6postitse: info@fastfassaad.ee tai puhelimitse: 58112699. Teemme kaikkemme korjataksemme ep\u00e4tarkat, ep\u00e4t\u00e4ydelliset, harhaanjohtavat tai vanhentuneet tiedot.<\/p>\n<p>Jos uskot, ett\u00e4 olemme rikkoneet asiaankuuluvaa tietosuojalains\u00e4\u00e4d\u00e4nt\u00f6\u00e4, ja haluat tehd\u00e4 valituksen, ota meihin yhteytt\u00e4 t\u00e4ss\u00e4 asiakirjassa annettujen yhteystietojen avulla ja ilmoita rikkomuksesta kaikki yksityiskohdat. Tutkimme valituksesi viipym\u00e4tt\u00e4 ja vastaamme sinulle kirjallisesti, jossa kerromme tutkimustulokset ja toimenpiteet, joihin ryhdymme valituksesi ratkaisemiseksi. Sinulla on my\u00f6s oikeus ottaa yhteytt\u00e4 s\u00e4\u00e4ntelyviranomaiseen tai tietosuojaviranomaiseen.<\/p>\n<h2>GDPR:n mukaiset tietosuojaoikeudet<\/h2>\n<p>Haluamme varmistaa, ett\u00e4 olet tietoinen kaikista tietosuojaoikeuksistasi. Jokainen sivuston k\u00e4ytt\u00e4j\u00e4 on oikeutettu noudattamaan seuraavia ehtoja:<\/p>\n<ul>\n<li>Oikeus tutustua tietoihin &#8211; sinulla on oikeus pyyt\u00e4\u00e4 kopioita henkil\u00f6tiedoistasi.<\/li>\n<li>Oikeus tietojen oikaisemiseen &#8211; sinulla on oikeus pyyt\u00e4\u00e4 meit\u00e4 oikaisemaan tiedot, joiden uskot olevan virheellisi\u00e4. Sinulla on my\u00f6s oikeus pyyt\u00e4\u00e4 meit\u00e4 t\u00e4ydent\u00e4m\u00e4\u00e4n tietoja, jotka ovat mielest\u00e4si puutteellisia.<\/li>\n<li>Oikeus tietojen poistamiseen &#8211; sinulla on tietyin edellytyksin oikeus pyyt\u00e4\u00e4 henkil\u00f6tietojesi poistamista.<\/li>\n<li>Oikeus k\u00e4sittelyn rajoittamiseen &#8211; Sinulla on tietyin edellytyksin oikeus pyyt\u00e4\u00e4 henkil\u00f6tietojesi k\u00e4yt\u00f6n rajoittamista.<\/li>\n<li>Oikeus vastustaa henkil\u00f6tietojesi k\u00e4ytt\u00f6\u00e4 &#8211; Sinulla on tietyin edellytyksin oikeus vastustaa henkil\u00f6tietojesi k\u00e4ytt\u00f6\u00e4.<\/li>\n<li>Oikeus tietojen siirrett\u00e4vyyteen &#8211; Sinulla on tietyin edellytyksin oikeus pyyt\u00e4\u00e4, ett\u00e4 siirr\u00e4mme ker\u00e4\u00e4m\u00e4mme tiedot kolmannelle osapuolelle tai suoraan sinulle.<\/li>\n<\/ul>\n<h2>Tietojesi turvallisuus<\/h2>\n<p>Henkil\u00f6kohtaisten tietojesi turvallisuus on meille t\u00e4rke\u00e4\u00e4, mutta muistathan, ett\u00e4 mik\u00e4\u00e4n Internetin kautta tapahtuva tietojenvaihtomenetelm\u00e4 tai s\u00e4hk\u00f6inen tallennusmenetelm\u00e4 ei ole 100-prosenttisen turvallinen. Vaikka teemme parhaamme suojellaksemme tietojasi, emme voi taata niiden t\u00e4ydellist\u00e4 turvallisuutta.<\/p>\n<p>FastFassaad O\u00dc toteuttaa kaikki kohtuudella tarvittavat toimenpiteet varmistaakseen, ett\u00e4 tietojasi k\u00e4sitell\u00e4\u00e4n turvallisesti ja t\u00e4m\u00e4n tietosuojak\u00e4yt\u00e4nn\u00f6n sek\u00e4 Viron tasavallan lains\u00e4\u00e4d\u00e4nn\u00f6n mukaisesti. Tietojasi ei siirret\u00e4 mihink\u00e4\u00e4n organisaatioon tai maahan, ellei siihen ole hyv\u00e4\u00e4 syyt\u00e4 ja ellei tietojasi ole suojattu.<\/p>\n<h2>Linkit muille verkkosivustoille<\/h2>\n<p>Verkkosivustollamme voi olla linkkej\u00e4 muille verkkosivustoille, jotka eiv\u00e4t ole meid\u00e4n omistuksessamme. Kun napsautat kolmannen osapuolen linkki\u00e4, sinut ohjataan kyseisen kolmannen osapuolen sivustolle. Suosittelemme, ett\u00e4 luet jokaisen vierailemasi sivuston tietosuojak\u00e4yt\u00e4nn\u00f6t.<\/p>\n<p>Meill\u00e4 ei ole m\u00e4\u00e4r\u00e4ysvaltaa kolmansien osapuolten sivustoihin, emmek\u00e4 ota vastuuta niiden sis\u00e4ll\u00f6st\u00e4, tietosuojak\u00e4yt\u00e4nn\u00f6ist\u00e4, niiden tarjoamista palveluista tai muusta.<\/p>\n<h2>Tietosuojak\u00e4yt\u00e4nn\u00f6n p\u00e4ivitykset<\/h2>\n<p>Pid\u00e4t\u00e4mme oikeuden tehd\u00e4 tarvittaessa muutoksia t\u00e4h\u00e4n tietosuojak\u00e4yt\u00e4nt\u00f6\u00e4 koskevaan asiakirjaan. Kun tietosuojak\u00e4yt\u00e4nt\u00f6\u00e4 p\u00e4ivitet\u00e4\u00e4n, muutamme p\u00e4ivitysp\u00e4iv\u00e4m\u00e4\u00e4r\u00e4n asiakirjan alareunaan. Jos jatkat verkkosivustollamme vierailua ja sen k\u00e4ytt\u00f6\u00e4 sen j\u00e4lkeen, kun olemme p\u00e4ivitt\u00e4neet tietosuojak\u00e4yt\u00e4nt\u00f6mme, pid\u00e4mme t\u00e4t\u00e4 hiljaisena suostumuksenasi muutoksiin.<\/p>\n<\/p>\n<p>Viimeksi muokattu 22\/03\/2024<\/p><\/p>\n\t\t\t\t\t\t\t\t<\/div>\n\t\t\t\t<\/div>\n\t\t\t\t<\/div>\n\t\t\t\t\t<\/div>\n\t\t\t\t<\/div>\n\t\t\t\t<\/div>\n\t\t","protected":false},"excerpt":{"rendered":"<p>Tietosuojak\u00e4yt\u00e4nt\u00f6 FastFassaad O\u00dc on sitoutunut noudattamaan yksityisyytt\u00e4si ja kaikkia sovellettavia lakeja ja m\u00e4\u00e4r\u00e4yksi\u00e4, jotka koskevat henkil\u00f6tietoja, joita voimme ker\u00e4t\u00e4 sinusta, kun vierailet verkkosivustollamme fastfassaad.ee. K\u00e4ytt\u00e4m\u00e4ll\u00e4 verkkosivustoamme annat suostumuksesi siihen, ett\u00e4 ker\u00e4\u00e4mme ja k\u00e4yt\u00e4mme tietojasi t\u00e4m\u00e4n tietosuojak\u00e4yt\u00e4nn\u00f6n mukaisesti. T\u00e4m\u00e4n tietosuojak\u00e4yt\u00e4nn\u00f6n avulla haluamme selitt\u00e4\u00e4 sinulle, mit\u00e4 tietoja ker\u00e4\u00e4mme, miten k\u00e4yt\u00e4mme niit\u00e4 ja mitk\u00e4 ovat oikeutesi suojella tietojasi. [&hellip;]<\/p>\n","protected":false},"author":1,"featured_media":0,"parent":0,"menu_order":0,"comment_status":"closed","ping_status":"closed","template":"elementor_header_footer","meta":{"inline_featured_image":false,"footnotes":""},"class_list":["post-1621","page","type-page","status-publish","hentry"],"_links":{"self":[{"href":"https:\/\/fastfasade.lv\/fi\/wp-json\/wp\/v2\/pages\/1621","targetHints":{"allow":["GET"]}}],"collection":[{"href":"https:\/\/fastfasade.lv\/fi\/wp-json\/wp\/v2\/pages"}],"about":[{"href":"https:\/\/fastfasade.lv\/fi\/wp-json\/wp\/v2\/types\/page"}],"author":[{"embeddable":true,"href":"https:\/\/fastfasade.lv\/fi\/wp-json\/wp\/v2\/users\/1"}],"replies":[{"embeddable":true,"href":"https:\/\/fastfasade.lv\/fi\/wp-json\/wp\/v2\/comments?post=1621"}],"version-history":[{"count":1,"href":"https:\/\/fastfasade.lv\/fi\/wp-json\/wp\/v2\/pages\/1621\/revisions"}],"predecessor-version":[{"id":1622,"href":"https:\/\/fastfasade.lv\/fi\/wp-json\/wp\/v2\/pages\/1621\/revisions\/1622"}],"wp:attachment":[{"href":"https:\/\/fastfasade.lv\/fi\/wp-json\/wp\/v2\/media?parent=1621"}],"curies":[{"name":"wp","href":"https:\/\/api.w.org\/{rel}","templated":true}]}}