{"id":1444,"date":"2024-02-07T15:01:17","date_gmt":"2024-02-07T15:01:17","guid":{"rendered":"https:\/\/fastfassaad.vdisain.dev\/julkisivun-kunnossapito\/"},"modified":"2024-04-01T12:40:26","modified_gmt":"2024-04-01T12:40:26","slug":"julkisivun-kunnossapito","status":"publish","type":"page","link":"https:\/\/fastfasade.lv\/fi\/julkisivun-kunnossapito\/","title":{"rendered":"Julkisivun kunnossapito"},"content":{"rendered":"<style>.elementor-1444 .elementor-element.elementor-element-35201999 > .elementor-container{min-height:300px;}.elementor-1444 .elementor-element.elementor-element-35201999 > .elementor-container > .elementor-column > .elementor-widget-wrap{align-content:center;align-items:center;}.elementor-1444 .elementor-element.elementor-element-35201999:not(.elementor-motion-effects-element-type-background), .elementor-1444 .elementor-element.elementor-element-35201999 > .elementor-motion-effects-container > .elementor-motion-effects-layer{background-color:var( --e-global-color-text );background-image:url(\"https:\/\/fastfasade.lv\/wp-content\/uploads\/2024\/02\/facade-2021-08-28-22-29-36-utc.webp\");background-position:top center;background-size:cover;}.elementor-1444 .elementor-element.elementor-element-35201999 > .elementor-background-overlay{background-color:var( --e-global-color-text );opacity:0.65;transition:background 0.3s, border-radius 0.3s, opacity 0.3s;}.elementor-1444 .elementor-element.elementor-element-35201999{transition:background 0.3s, border 0.3s, border-radius 0.3s, box-shadow 0.3s;padding:100px 0px 0px 0px;}.elementor-1444 .elementor-element.elementor-element-61ded32e > .elementor-element-populated{padding:0px 0px 0px 0px;}.elementor-1444 .elementor-element.elementor-element-6efbfdb0 .elementor-heading-title{font-family:\"Orbitron\", Sans-serif;font-size:42px;color:var( --e-global-color-5ac3c84 );}.elementor-1444 .elementor-element.elementor-element-58aa203{--display:flex;--flex-direction:row;--container-widget-width:calc( ( 1 - var( --container-widget-flex-grow ) ) * 100% );--container-widget-height:100%;--container-widget-flex-grow:1;--container-widget-align-self:stretch;--flex-wrap-mobile:wrap;--align-items:stretch;--gap:10px 10px;--row-gap:10px;--column-gap:10px;--margin-top:0px;--margin-bottom:0px;--margin-left:0px;--margin-right:0px;--padding-top:60px;--padding-bottom:60px;--padding-left:0px;--padding-right:0px;}.elementor-1444 .elementor-element.elementor-element-758a9e7{--display:flex;--justify-content:center;--margin-top:0px;--margin-bottom:0px;--margin-left:0px;--margin-right:60px;--padding-top:0px;--padding-bottom:0px;--padding-left:0px;--padding-right:0px;}.elementor-1444 .elementor-element.elementor-element-687de96{font-family:\"Poppins\", Sans-serif;font-size:16px;font-weight:400;color:var( --e-global-color-text );}.elementor-1444 .elementor-element.elementor-element-687de96 > .elementor-widget-container{margin:0px 0px 0px 0px;padding:0px 0px 0px 0px;}.elementor-1444 .elementor-element.elementor-element-b5dff45{--display:flex;--flex-direction:column;--container-widget-width:100%;--container-widget-height:initial;--container-widget-flex-grow:0;--container-widget-align-self:initial;--flex-wrap-mobile:wrap;--justify-content:center;--gap:30px 30px;--row-gap:30px;--column-gap:30px;--padding-top:0px;--padding-bottom:0px;--padding-left:0px;--padding-right:0px;}.elementor-1444 .elementor-element.elementor-element-313d008{--display:flex;--min-height:200px;--justify-content:center;--overlay-opacity:0.5;--padding-top:50px;--padding-bottom:50px;--padding-left:30px;--padding-right:30px;}.elementor-1444 .elementor-element.elementor-element-313d008:not(.elementor-motion-effects-element-type-background), .elementor-1444 .elementor-element.elementor-element-313d008 > .elementor-motion-effects-container > .elementor-motion-effects-layer{background-image:url(\"https:\/\/fastfasade.lv\/wp-content\/uploads\/2024\/02\/modern-house-with-garden-swimming-pool-and-wooden-2021-08-26-18-24-26-utc.webp\");background-position:center center;background-repeat:no-repeat;background-size:cover;}.elementor-1444 .elementor-element.elementor-element-313d008::before, .elementor-1444 .elementor-element.elementor-element-313d008 > .elementor-background-video-container::before, .elementor-1444 .elementor-element.elementor-element-313d008 > .e-con-inner > .elementor-background-video-container::before, .elementor-1444 .elementor-element.elementor-element-313d008 > .elementor-background-slideshow::before, .elementor-1444 .elementor-element.elementor-element-313d008 > .e-con-inner > .elementor-background-slideshow::before, .elementor-1444 .elementor-element.elementor-element-313d008 > .elementor-motion-effects-container > .elementor-motion-effects-layer::before{--background-overlay:'';background-color:#000000;}.elementor-1444 .elementor-element.elementor-element-78b9132 .elementor-heading-title{font-size:30px;color:var( --e-global-color-5ac3c84 );}.elementor-1444 .elementor-element.elementor-element-6527f8d{--display:flex;--min-height:200px;--justify-content:center;--overlay-opacity:0.5;--padding-top:50px;--padding-bottom:50px;--padding-left:30px;--padding-right:30px;}.elementor-1444 .elementor-element.elementor-element-6527f8d:not(.elementor-motion-effects-element-type-background), .elementor-1444 .elementor-element.elementor-element-6527f8d > .elementor-motion-effects-container > .elementor-motion-effects-layer{background-image:url(\"https:\/\/fastfasade.lv\/wp-content\/uploads\/2024\/02\/modern-house-with-garden-swimming-pool-and-wooden-2021-08-26-18-24-26-utc.webp\");background-position:center center;background-repeat:no-repeat;background-size:cover;}.elementor-1444 .elementor-element.elementor-element-6527f8d::before, .elementor-1444 .elementor-element.elementor-element-6527f8d > .elementor-background-video-container::before, .elementor-1444 .elementor-element.elementor-element-6527f8d > .e-con-inner > .elementor-background-video-container::before, .elementor-1444 .elementor-element.elementor-element-6527f8d > .elementor-background-slideshow::before, .elementor-1444 .elementor-element.elementor-element-6527f8d > .e-con-inner > .elementor-background-slideshow::before, .elementor-1444 .elementor-element.elementor-element-6527f8d > .elementor-motion-effects-container > .elementor-motion-effects-layer::before{--background-overlay:'';background-color:#000000;}.elementor-1444 .elementor-element.elementor-element-2cd6c42 .elementor-heading-title{font-size:30px;color:var( --e-global-color-5ac3c84 );}@media(min-width:768px){.elementor-1444 .elementor-element.elementor-element-758a9e7{--width:66%;}.elementor-1444 .elementor-element.elementor-element-b5dff45{--width:34%;}}@media(max-width:1024px){.elementor-1444 .elementor-element.elementor-element-35201999 > .elementor-container{min-height:250px;}.elementor-1444 .elementor-element.elementor-element-35201999{margin-top:0px;margin-bottom:0px;padding:60px 30px 0px 30px;}.elementor-1444 .elementor-element.elementor-element-61ded32e > .elementor-element-populated{padding:0px 0px 0px 0px;}.elementor-1444 .elementor-element.elementor-element-6efbfdb0 .elementor-heading-title{font-size:26px;}.elementor-1444 .elementor-element.elementor-element-58aa203{--gap:30px 30px;--row-gap:30px;--column-gap:30px;--padding-top:30px;--padding-bottom:30px;--padding-left:30px;--padding-right:30px;}.elementor-1444 .elementor-element.elementor-element-758a9e7{--margin-top:0px;--margin-bottom:0px;--margin-left:0px;--margin-right:0px;}.elementor-1444 .elementor-element.elementor-element-687de96{font-size:14px;}.elementor-1444 .elementor-element.elementor-element-313d008{--padding-top:10px;--padding-bottom:10px;--padding-left:10px;--padding-right:10px;}.elementor-1444 .elementor-element.elementor-element-78b9132 .elementor-heading-title{font-size:22px;}.elementor-1444 .elementor-element.elementor-element-6527f8d{--padding-top:10px;--padding-bottom:10px;--padding-left:10px;--padding-right:10px;}.elementor-1444 .elementor-element.elementor-element-2cd6c42 .elementor-heading-title{font-size:22px;}}@media(max-width:767px){.elementor-1444 .elementor-element.elementor-element-35201999 > .elementor-container{min-height:175px;}.elementor-1444 .elementor-element.elementor-element-35201999{padding:60px 0px 0px 0px;}.elementor-1444 .elementor-element.elementor-element-6efbfdb0{text-align:center;}.elementor-1444 .elementor-element.elementor-element-6efbfdb0 .elementor-heading-title{font-size:28px;}.elementor-1444 .elementor-element.elementor-element-58aa203{--padding-top:30px;--padding-bottom:30px;--padding-left:10px;--padding-right:10px;}.elementor-1444 .elementor-element.elementor-element-758a9e7{--margin-top:0px;--margin-bottom:0px;--margin-left:0px;--margin-right:0px;}.elementor-1444 .elementor-element.elementor-element-687de96{text-align:center;font-size:14px;}.elementor-1444 .elementor-element.elementor-element-78b9132{text-align:center;}.elementor-1444 .elementor-element.elementor-element-78b9132 .elementor-heading-title{font-size:26px;}.elementor-1444 .elementor-element.elementor-element-2cd6c42{text-align:center;}.elementor-1444 .elementor-element.elementor-element-2cd6c42 .elementor-heading-title{font-size:26px;}}<\/style>\t\t<div data-elementor-type=\"wp-page\" data-elementor-id=\"1444\" class=\"elementor elementor-1444 elementor-93\" data-elementor-post-type=\"page\">\n\t\t\t\t\t\t<section class=\"elementor-section elementor-top-section elementor-element elementor-element-35201999 elementor-section-height-min-height elementor-section-content-middle elementor-section-boxed elementor-section-height-default elementor-section-items-middle\" data-id=\"35201999\" data-element_type=\"section\" data-e-type=\"section\" data-settings=\"{&quot;background_background&quot;:&quot;classic&quot;}\">\n\t\t\t\t\t\t\t<div class=\"elementor-background-overlay\"><\/div>\n\t\t\t\t\t\t\t<div class=\"elementor-container elementor-column-gap-default\">\n\t\t\t\t\t<div class=\"elementor-column elementor-col-100 elementor-top-column elementor-element elementor-element-61ded32e elementor-invisible\" data-id=\"61ded32e\" data-element_type=\"column\" data-e-type=\"column\" data-settings=\"{&quot;animation&quot;:&quot;fadeInUp&quot;}\">\n\t\t\t<div class=\"elementor-widget-wrap elementor-element-populated\">\n\t\t\t\t\t\t<div class=\"elementor-element elementor-element-6efbfdb0 elementor-widget elementor-widget-heading\" data-id=\"6efbfdb0\" data-element_type=\"widget\" data-e-type=\"widget\" data-widget_type=\"heading.default\">\n\t\t\t\t<div class=\"elementor-widget-container\">\n\t\t\t\t\t<h3 class=\"elementor-heading-title elementor-size-default\">Julkisivun kunnossapito<\/h3>\t\t\t\t<\/div>\n\t\t\t\t<\/div>\n\t\t\t\t\t<\/div>\n\t\t<\/div>\n\t\t\t\t\t<\/div>\n\t\t<\/section>\n\t\t<div class=\"elementor-element elementor-element-58aa203 e-flex e-con-boxed e-con e-parent\" data-id=\"58aa203\" data-element_type=\"container\" data-e-type=\"container\">\n\t\t\t\t\t<div class=\"e-con-inner\">\n\t\t<div class=\"elementor-element elementor-element-758a9e7 e-con-full e-flex e-con e-child\" data-id=\"758a9e7\" data-element_type=\"container\" data-e-type=\"container\">\n\t\t\t\t<div class=\"elementor-element elementor-element-687de96 elementor-invisible elementor-widget elementor-widget-text-editor\" data-id=\"687de96\" data-element_type=\"widget\" data-e-type=\"widget\" data-settings=\"{&quot;_animation&quot;:&quot;fadeInDown&quot;}\" data-widget_type=\"text-editor.default\">\n\t\t\t\t<div class=\"elementor-widget-container\">\n\t\t\t\t\t\t\t\t\t<p>Julkisivu ei ole vain talon ensivaikutelma, vaan my\u00f6s sen v\u00e4ltt\u00e4m\u00e4t\u00f6n suojakerros ilmastossamme. Hyvin hoidettu julkisivu s\u00e4\u00e4st\u00e4\u00e4 merkitt\u00e4v\u00e4sti energiaa ilmastossamme ja pident\u00e4\u00e4 rakennuksen elinkaarta. Se on sijoitus, joka alkaa hy\u00f6dytt\u00e4\u00e4 v\u00e4litt\u00f6m\u00e4sti.<\/p><p>Parasta on suunnitella julkisivuty\u00f6t vuoden ensimm\u00e4isell\u00e4 puoliskolla. Silloin on varmaa, ett\u00e4 suunnitellut ty\u00f6t voidaan tehd\u00e4 haluttuna ajankohtana. Ty\u00f6t kannattaa ajoittaa jo talvella. Julkisivut\u00f6it\u00e4 varten tarvitaan v\u00e4hint\u00e4\u00e4n +5 celsiusastetta l\u00e4mp\u00f6\u00e4.<\/p><p>FastFassaad on tehnyt julkisivut\u00f6it\u00e4 ymp\u00e4ri Viroa jo yli 15 vuoden ajan. Teemme t\u00f6it\u00e4 sek\u00e4 rappaus-, puu- ett\u00e4 tuuletetuille julkisivuille. Uuden ilmeen voivat saada niin kerrostalot, toimistotalot kuin omakotitalotkin.<\/p><p>Julkisivuty\u00f6t Tallinnassa, Tartossa, P\u00e4rnussa ja kaikkialla muualla Virossa.<\/p><p>Kysy tarjous t\u00e4\u00e4lt\u00e4 tai l\u00e4het\u00e4 s\u00e4hk\u00f6postia osoitteeseen <a class=\"ql-link\" href=\"mailto:info@fastfassaad.ee\" target=\"_blank\" rel=\"noopener noreferrer\">info@fastfassaad.ee<\/a>.<\/p>\t\t\t\t\t\t\t\t<\/div>\n\t\t\t\t<\/div>\n\t\t\t\t<\/div>\n\t\t<div class=\"elementor-element elementor-element-b5dff45 e-con-full e-flex e-con e-child\" data-id=\"b5dff45\" data-element_type=\"container\" data-e-type=\"container\">\n\t\t<a class=\"elementor-element elementor-element-313d008 e-flex e-con-boxed e-con e-child\" data-id=\"313d008\" data-element_type=\"container\" data-e-type=\"container\" data-settings=\"{&quot;background_background&quot;:&quot;classic&quot;}\" href=\"https:\/\/fastfasade.lv\/et\/fassaadi-hooldus\/krohvfassaadid\/\">\n\t\t\t\t\t<div class=\"e-con-inner\">\n\t\t\t\t<div class=\"elementor-element elementor-element-78b9132 service-heading elementor-widget elementor-widget-heading\" data-id=\"78b9132\" data-element_type=\"widget\" data-e-type=\"widget\" data-widget_type=\"heading.default\">\n\t\t\t\t<div class=\"elementor-widget-container\">\n\t\t\t\t\t<h3 class=\"elementor-heading-title elementor-size-default\">Kipsilevyjen julkisivut<\/h3>\t\t\t\t<\/div>\n\t\t\t\t<\/div>\n\t\t\t\t\t<\/div>\n\t\t\t\t<\/a>\n\t\t<a class=\"elementor-element elementor-element-6527f8d e-flex e-con-boxed e-con e-child\" data-id=\"6527f8d\" data-element_type=\"container\" data-e-type=\"container\" data-settings=\"{&quot;background_background&quot;:&quot;classic&quot;}\" href=\"https:\/\/fastfasade.lv\/et\/fassaadi-hooldus\/puitfassaadid\/\">\n\t\t\t\t\t<div class=\"e-con-inner\">\n\t\t\t\t<div class=\"elementor-element elementor-element-2cd6c42 service-heading elementor-widget elementor-widget-heading\" data-id=\"2cd6c42\" data-element_type=\"widget\" data-e-type=\"widget\" data-widget_type=\"heading.default\">\n\t\t\t\t<div class=\"elementor-widget-container\">\n\t\t\t\t\t<h3 class=\"elementor-heading-title elementor-size-default\">Puiset julkisivut<\/h3>\t\t\t\t<\/div>\n\t\t\t\t<\/div>\n\t\t\t\t\t<\/div>\n\t\t\t\t<\/a>\n\t\t\t\t<\/div>\n\t\t\t\t\t<\/div>\n\t\t\t\t<\/div>\n\t\t\t\t<\/div>\n\t\t","protected":false},"excerpt":{"rendered":"<p>Julkisivun kunnossapito Julkisivu ei ole vain talon ensivaikutelma, vaan my\u00f6s sen v\u00e4ltt\u00e4m\u00e4t\u00f6n suojakerros ilmastossamme. Hyvin hoidettu julkisivu s\u00e4\u00e4st\u00e4\u00e4 merkitt\u00e4v\u00e4sti energiaa ilmastossamme ja pident\u00e4\u00e4 rakennuksen elinkaarta. Se on sijoitus, joka alkaa hy\u00f6dytt\u00e4\u00e4 v\u00e4litt\u00f6m\u00e4sti. Parasta on suunnitella julkisivuty\u00f6t vuoden ensimm\u00e4isell\u00e4 puoliskolla. Silloin on varmaa, ett\u00e4 suunnitellut ty\u00f6t voidaan tehd\u00e4 haluttuna ajankohtana. Ty\u00f6t kannattaa ajoittaa jo talvella. Julkisivut\u00f6it\u00e4 [&hellip;]<\/p>\n","protected":false},"author":1,"featured_media":0,"parent":0,"menu_order":0,"comment_status":"closed","ping_status":"closed","template":"elementor_header_footer","meta":{"inline_featured_image":false,"footnotes":""},"class_list":["post-1444","page","type-page","status-publish","hentry"],"_links":{"self":[{"href":"https:\/\/fastfasade.lv\/fi\/wp-json\/wp\/v2\/pages\/1444","targetHints":{"allow":["GET"]}}],"collection":[{"href":"https:\/\/fastfasade.lv\/fi\/wp-json\/wp\/v2\/pages"}],"about":[{"href":"https:\/\/fastfasade.lv\/fi\/wp-json\/wp\/v2\/types\/page"}],"author":[{"embeddable":true,"href":"https:\/\/fastfasade.lv\/fi\/wp-json\/wp\/v2\/users\/1"}],"replies":[{"embeddable":true,"href":"https:\/\/fastfasade.lv\/fi\/wp-json\/wp\/v2\/comments?post=1444"}],"version-history":[{"count":5,"href":"https:\/\/fastfasade.lv\/fi\/wp-json\/wp\/v2\/pages\/1444\/revisions"}],"predecessor-version":[{"id":2822,"href":"https:\/\/fastfasade.lv\/fi\/wp-json\/wp\/v2\/pages\/1444\/revisions\/2822"}],"wp:attachment":[{"href":"https:\/\/fastfasade.lv\/fi\/wp-json\/wp\/v2\/media?parent=1444"}],"curies":[{"name":"wp","href":"https:\/\/api.w.org\/{rel}","templated":true}]}}